{"id":8,"date":"2026-05-05T15:38:48","date_gmt":"2026-05-05T15:38:48","guid":{"rendered":"http:\/\/interprete-fatma.tech\/?page_id=8"},"modified":"2026-05-05T18:11:27","modified_gmt":"2026-05-05T18:11:27","slug":"home","status":"publish","type":"page","link":"https:\/\/interprete-fatma.fr\/","title":{"rendered":"Interpr\u00e9tation asserment\u00e9e turc\u2013fran\u00e7ais en ligne et en r\u00e9gion Grand Est"},"content":{"rendered":"\t\t<div data-elementor-type=\"wp-page\" data-elementor-id=\"8\" class=\"elementor elementor-8\">\n\t\t\t\t<div class=\"elementor-element elementor-element-1dc500d6 e-flex e-con-boxed e-con e-parent\" data-id=\"1dc500d6\" data-element_type=\"container\" data-e-type=\"container\">\n\t\t\t\t\t<div class=\"e-con-inner\">\n\t\t\t\t<div class=\"elementor-element elementor-element-658649f elementor-widget elementor-widget-spacer\" data-id=\"658649f\" data-element_type=\"widget\" data-e-type=\"widget\" data-widget_type=\"spacer.default\">\n\t\t\t\t\t\t\t<div class=\"elementor-spacer\">\n\t\t\t<div class=\"elementor-spacer-inner\"><\/div>\n\t\t<\/div>\n\t\t\t\t\t\t<\/div>\n\t\t\t\t\t\t\t<h2 \n\t\tdata-interaction-id=\"10f766b\" \n\t\tclass=\"e-heading-base\" \n\t\t \n\t\t\n\t>\n\t\n\t\t\t<strong>Une expertise linguistique et interculturelle au service de vos besoins<\/strong>\n\t\t<\/h2>\n\t\t\t\t\t<\/div>\n\t\t\t\t<\/div>\n\t\t<div class=\"elementor-element elementor-element-513b14a e-flex e-con-boxed e-con e-parent\" data-id=\"513b14a\" data-element_type=\"container\" data-e-type=\"container\">\n\t\t\t\t\t<div class=\"e-con-inner\">\n\t\t<div class=\"elementor-element elementor-element-4390cde e-con-full e-flex e-con e-child\" data-id=\"4390cde\" data-element_type=\"container\" data-e-type=\"container\">\n\t\t\t\t\t\t\t\n\t\t\t<img class=\"e-image-base e-33fb84d-79bd2ec\" \n\t\t\t\t\tdata-interaction-id=\"33fb84d\" \n\t\t \n\t\t \n\t\t\t\t\t\t\t\t\tid=\"25\"\n\t\t\t\t\t\t\t\t\t\t\t\tsrc=\"https:\/\/interprete-fatma.fr\/wp-content\/uploads\/2026\/05\/ChatGPT-Image-5-mai-2026-17_48_12-768x512.png\"\n\t\t\t\t\t\t\t\t\t\t\t\twidth=\"768\"\n\t\t\t\t\t\t\t\t\t\t\t\theight=\"512\"\n\t\t\t\t\t\t\t\t\t\t\t\tsrcset=\"https:\/\/interprete-fatma.fr\/wp-content\/uploads\/2026\/05\/ChatGPT-Image-5-mai-2026-17_48_12-768x512.png 768w, https:\/\/interprete-fatma.fr\/wp-content\/uploads\/2026\/05\/ChatGPT-Image-5-mai-2026-17_48_12-300x200.png 300w, https:\/\/interprete-fatma.fr\/wp-content\/uploads\/2026\/05\/ChatGPT-Image-5-mai-2026-17_48_12-1024x683.png 1024w, https:\/\/interprete-fatma.fr\/wp-content\/uploads\/2026\/05\/ChatGPT-Image-5-mai-2026-17_48_12.png 1536w\"\n\t\t\t\t\t\t\t\t\t\t\t\talt=\"Femme interpr\u00e8te en vid\u00e9o conf\u00e9rences\"\n\t\t\t\t\t\t\/>\n\t\t\t\t\t<\/div>\n\t\t<div class=\"elementor-element elementor-element-209fd77 e-con-full e-flex e-con e-child\" data-id=\"209fd77\" data-element_type=\"container\" data-e-type=\"container\">\n\t\t\t\t\t\t\t\t<p class=\"e-paragraph-base\" data-interaction-id=\"e8f478f\"  >\n\t\t\t\t\t\t\t\tJe suis <strong>Fatma SEL<\/strong>, interpr\u00e8te fran\u00e7ais\u2013turc. En activit\u00e9 depuis 2025, j\u2019accompagne particuliers, professionnels, associations et institutions, \u00e0 distance ou sur site dans le Grand Est.<br><br>Mon approche allie pr\u00e9cision linguistique et compr\u00e9hension des contextes sociaux et interculturels, dans le respect de la confidentialit\u00e9. J\u2019interviens pour l\u2019interpr\u00e9tation en ligne, les rendez-vous sur site, les conf\u00e9rences, l\u2019accompagnement touristique, la psychologie, ainsi que la m\u00e9diation sociale et culturelle.\n\t\t\t\t\t<\/p>\n\t\t\t\t<\/div>\n\t\t\t\t\t<\/div>\n\t\t\t\t<\/div>\n\t\t<div class=\"elementor-element elementor-element-29119f1 e-flex e-con-boxed e-con e-parent\" data-id=\"29119f1\" data-element_type=\"container\" data-e-type=\"container\">\n\t\t\t\t\t<div class=\"e-con-inner\">\n\t\t<div class=\"elementor-element elementor-element-616c761 e-con-full e-flex e-con e-child\" data-id=\"616c761\" data-element_type=\"container\" data-e-type=\"container\">\n\t\t\t\t\t\t\t\t<p class=\"e-paragraph-base\" data-interaction-id=\"a281160\"  >\n\t\t\t\t\t\t\t\tTitulaire d\u2019une formation en <strong>FLE <\/strong>et en <strong>turcologie<\/strong>, je r\u00e9ponds \u00e9galement \u00e0 des demandes associatives et \u00e0 des sollicitations en ethnopsychiatrie.<br><br>Les tarifs et modalit\u00e9s sont \u00e0 convenir selon la mission, la dur\u00e9e et le lieu d\u2019intervention.<br><br>Contactez-moi pour pr\u00e9senter votre besoin, v\u00e9rifier les disponibilit\u00e9s et r\u00e9server une intervention.\n\t\t\t\t\t<\/p>\n\t\t\t\t<\/div>\n\t\t<div class=\"elementor-element elementor-element-b1e2baf e-con-full e-flex e-con e-child\" data-id=\"b1e2baf\" data-element_type=\"container\" data-e-type=\"container\">\n\t\t\t\t\t\t\t\n\t\t\t<img class=\"e-image-base e-4489a0a-65b8d76\" \n\t\t\t\t\tdata-interaction-id=\"4489a0a\" \n\t\t \n\t\t \n\t\t\t\t\t\t\t\t\tid=\"31\"\n\t\t\t\t\t\t\t\t\t\t\t\tsrc=\"https:\/\/interprete-fatma.fr\/wp-content\/uploads\/2026\/05\/ChatGPT-Image-5-mai-2026-17_48_02-768x512.png\"\n\t\t\t\t\t\t\t\t\t\t\t\twidth=\"768\"\n\t\t\t\t\t\t\t\t\t\t\t\theight=\"512\"\n\t\t\t\t\t\t\t\t\t\t\t\tsrcset=\"https:\/\/interprete-fatma.fr\/wp-content\/uploads\/2026\/05\/ChatGPT-Image-5-mai-2026-17_48_02-768x512.png 768w, https:\/\/interprete-fatma.fr\/wp-content\/uploads\/2026\/05\/ChatGPT-Image-5-mai-2026-17_48_02-300x200.png 300w, https:\/\/interprete-fatma.fr\/wp-content\/uploads\/2026\/05\/ChatGPT-Image-5-mai-2026-17_48_02-1024x683.png 1024w, https:\/\/interprete-fatma.fr\/wp-content\/uploads\/2026\/05\/ChatGPT-Image-5-mai-2026-17_48_02.png 1536w\"\n\t\t\t\t\t\t\t\t\t\t\t\talt=\"\"\n\t\t\t\t\t\t\/>\n\t\t\t\t\t<\/div>\n\t\t\t\t\t<\/div>\n\t\t\t\t<\/div>\n\t\t<div class=\"elementor-element elementor-element-defc3fd e-flex e-con-boxed e-con e-parent\" data-id=\"defc3fd\" data-element_type=\"container\" data-e-type=\"container\">\n\t\t\t\t\t<div class=\"e-con-inner\">\n\t\t\t\t\t\t\t<h2 \n\t\tdata-interaction-id=\"1a98e47\" \n\t\tclass=\"e-heading-base\" \n\t\t \n\t\t\n\t>\n\t\n\t\t\t<strong>Contact<\/strong>\n\t\t<\/h2>\n\t\t\t\t\t\t\t\t<p class=\"e-paragraph-base\" data-interaction-id=\"bd3b50a\"  >\n\t\t\t\t\t\t\t\t<em>T\u00e9l\u00e9phone : 0781759376<\/em><br><em>Adresse e-mail : <\/em><a target=\"_blank\" href=\"mailto:fatmasel57@gmail.com\"><em><u>fatmasel57@gmail.com<\/u><\/em><\/a><br><em>Zone d\u2019intervention : \u00e0 distance ou sur site en r\u00e9gion Grand Est<\/em>\n\t\t\t\t\t<\/p>\n\t\t\t\t\t<\/div>\n\t\t\t\t<\/div>\n\t\t\t\t<\/div>\n\t\t","protected":false},"excerpt":{"rendered":"<p>Une expertise linguistique et interculturelle au service de vos besoins Je suis Fatma SEL, interpr\u00e8te fran\u00e7ais\u2013turc. En activit\u00e9 depuis 2025, [&hellip;]<\/p>\n","protected":false},"author":1,"featured_media":0,"parent":0,"menu_order":0,"comment_status":"closed","ping_status":"closed","template":"","meta":{"site-sidebar-layout":"no-sidebar","site-content-layout":"plain-container","ast-site-content-layout":"default","site-content-style":"default","site-sidebar-style":"default","ast-global-header-display":"","ast-banner-title-visibility":"","ast-main-header-display":"","ast-hfb-above-header-display":"","ast-hfb-below-header-display":"","ast-hfb-mobile-header-display":"","site-post-title":"disabled","ast-breadcrumbs-content":"","ast-featured-img":"","footer-sml-layout":"","ast-disable-related-posts":"","theme-transparent-header-meta":"enabled","adv-header-id-meta":"","stick-header-meta":"","header-above-stick-meta":"","header-main-stick-meta":"","header-below-stick-meta":"","astra-migrate-meta-layouts":"default","ast-page-background-enabled":"default","ast-page-background-meta":{"desktop":{"background-color":"var(--ast-global-color-5)","background-image":"","background-repeat":"repeat","background-position":"center center","background-size":"auto","background-attachment":"scroll","background-type":"","background-media":"","overlay-type":"","overlay-color":"","overlay-opacity":"","overlay-gradient":""},"tablet":{"background-color":"","background-image":"","background-repeat":"repeat","background-position":"center center","background-size":"auto","background-attachment":"scroll","background-type":"","background-media":"","overlay-type":"","overlay-color":"","overlay-opacity":"","overlay-gradient":""},"mobile":{"background-color":"","background-image":"","background-repeat":"repeat","background-position":"center center","background-size":"auto","background-attachment":"scroll","background-type":"","background-media":"","overlay-type":"","overlay-color":"","overlay-opacity":"","overlay-gradient":""}},"ast-content-background-meta":{"desktop":{"background-color":"var(--ast-global-color-4)","background-image":"","background-repeat":"repeat","background-position":"center center","background-size":"auto","background-attachment":"scroll","background-type":"","background-media":"","overlay-type":"","overlay-color":"","overlay-opacity":"","overlay-gradient":""},"tablet":{"background-color":"var(--ast-global-color-4)","background-image":"","background-repeat":"repeat","background-position":"center center","background-size":"auto","background-attachment":"scroll","background-type":"","background-media":"","overlay-type":"","overlay-color":"","overlay-opacity":"","overlay-gradient":""},"mobile":{"background-color":"var(--ast-global-color-4)","background-image":"","background-repeat":"repeat","background-position":"center center","background-size":"auto","background-attachment":"scroll","background-type":"","background-media":"","overlay-type":"","overlay-color":"","overlay-opacity":"","overlay-gradient":""}},"footnotes":""},"class_list":["post-8","page","type-page","status-publish","hentry"],"yoast_head":"<!-- This site is optimized with the Yoast SEO plugin v27.5 - https:\/\/yoast.com\/product\/yoast-seo-wordpress\/ -->\n<title>Interpr\u00e9tation asserment\u00e9e turc\u2013fran\u00e7ais en ligne et en r\u00e9gion Grand Est - Interpr\u00e8te asserment\u00e9 turc\u2013fran\u00e7ais<\/title>\n<meta name=\"robots\" content=\"index, follow, max-snippet:-1, max-image-preview:large, max-video-preview:-1\" \/>\n<link rel=\"canonical\" href=\"https:\/\/interprete-fatma.fr\/\" \/>\n<meta property=\"og:locale\" content=\"fr_FR\" \/>\n<meta property=\"og:type\" content=\"article\" \/>\n<meta property=\"og:title\" content=\"Interpr\u00e9tation asserment\u00e9e turc\u2013fran\u00e7ais en ligne et en r\u00e9gion Grand Est - Interpr\u00e8te asserment\u00e9 turc\u2013fran\u00e7ais\" \/>\n<meta property=\"og:description\" content=\"Une expertise linguistique et interculturelle au service de vos besoins Je suis Fatma SEL, interpr\u00e8te fran\u00e7ais\u2013turc. En activit\u00e9 depuis 2025, [&hellip;]\" \/>\n<meta property=\"og:url\" content=\"https:\/\/interprete-fatma.fr\/\" \/>\n<meta property=\"og:site_name\" content=\"Interpr\u00e8te asserment\u00e9 turc\u2013fran\u00e7ais\" \/>\n<meta property=\"article:modified_time\" content=\"2026-05-05T18:11:27+00:00\" \/>\n<meta property=\"og:image\" content=\"http:\/\/interprete-fatma.tech\/wp-content\/uploads\/2026\/05\/ChatGPT-Image-5-mai-2026-17_48_12-768x512.png\" \/>\n<meta name=\"twitter:card\" content=\"summary_large_image\" \/>\n<meta name=\"twitter:label1\" content=\"Dur\u00e9e de lecture estim\u00e9e\" \/>\n\t<meta name=\"twitter:data1\" content=\"1 minute\" \/>\n<script type=\"application\/ld+json\" class=\"yoast-schema-graph\">{\"@context\":\"https:\\\/\\\/schema.org\",\"@graph\":[{\"@type\":\"WebPage\",\"@id\":\"https:\\\/\\\/interprete-fatma.fr\\\/\",\"url\":\"https:\\\/\\\/interprete-fatma.fr\\\/\",\"name\":\"Interpr\u00e9tation asserment\u00e9e turc\u2013fran\u00e7ais en ligne et en r\u00e9gion Grand Est - Interpr\u00e8te asserment\u00e9 turc\u2013fran\u00e7ais\",\"isPartOf\":{\"@id\":\"https:\\\/\\\/interprete-fatma.fr\\\/#website\"},\"primaryImageOfPage\":{\"@id\":\"https:\\\/\\\/interprete-fatma.fr\\\/#primaryimage\"},\"image\":{\"@id\":\"https:\\\/\\\/interprete-fatma.fr\\\/#primaryimage\"},\"thumbnailUrl\":\"http:\\\/\\\/interprete-fatma.tech\\\/wp-content\\\/uploads\\\/2026\\\/05\\\/ChatGPT-Image-5-mai-2026-17_48_12-768x512.png\",\"datePublished\":\"2026-05-05T15:38:48+00:00\",\"dateModified\":\"2026-05-05T18:11:27+00:00\",\"breadcrumb\":{\"@id\":\"https:\\\/\\\/interprete-fatma.fr\\\/#breadcrumb\"},\"inLanguage\":\"fr-FR\",\"potentialAction\":[{\"@type\":\"ReadAction\",\"target\":[\"https:\\\/\\\/interprete-fatma.fr\\\/\"]}]},{\"@type\":\"ImageObject\",\"inLanguage\":\"fr-FR\",\"@id\":\"https:\\\/\\\/interprete-fatma.fr\\\/#primaryimage\",\"url\":\"http:\\\/\\\/interprete-fatma.tech\\\/wp-content\\\/uploads\\\/2026\\\/05\\\/ChatGPT-Image-5-mai-2026-17_48_12-768x512.png\",\"contentUrl\":\"http:\\\/\\\/interprete-fatma.tech\\\/wp-content\\\/uploads\\\/2026\\\/05\\\/ChatGPT-Image-5-mai-2026-17_48_12-768x512.png\"},{\"@type\":\"BreadcrumbList\",\"@id\":\"https:\\\/\\\/interprete-fatma.fr\\\/#breadcrumb\",\"itemListElement\":[{\"@type\":\"ListItem\",\"position\":1,\"name\":\"Home\",\"item\":\"https:\\\/\\\/interprete-fatma.fr\\\/\"},{\"@type\":\"ListItem\",\"position\":2,\"name\":\"Interpr\u00e9tation asserment\u00e9e turc\u2013fran\u00e7ais en ligne et en r\u00e9gion Grand Est\"}]},{\"@type\":\"WebSite\",\"@id\":\"https:\\\/\\\/interprete-fatma.fr\\\/#website\",\"url\":\"https:\\\/\\\/interprete-fatma.fr\\\/\",\"name\":\"WordPress\",\"description\":\"Interpr\u00e8te fran\u00e7ais\u2013turc, \u00e0 distance et en Grand Est\",\"publisher\":{\"@id\":\"https:\\\/\\\/interprete-fatma.fr\\\/#organization\"},\"potentialAction\":[{\"@type\":\"SearchAction\",\"target\":{\"@type\":\"EntryPoint\",\"urlTemplate\":\"https:\\\/\\\/interprete-fatma.fr\\\/?s={search_term_string}\"},\"query-input\":{\"@type\":\"PropertyValueSpecification\",\"valueRequired\":true,\"valueName\":\"search_term_string\"}}],\"inLanguage\":\"fr-FR\"},{\"@type\":\"Organization\",\"@id\":\"https:\\\/\\\/interprete-fatma.fr\\\/#organization\",\"name\":\"WordPress\",\"url\":\"https:\\\/\\\/interprete-fatma.fr\\\/\",\"logo\":{\"@type\":\"ImageObject\",\"inLanguage\":\"fr-FR\",\"@id\":\"https:\\\/\\\/interprete-fatma.fr\\\/#\\\/schema\\\/logo\\\/image\\\/\",\"url\":\"https:\\\/\\\/interprete-fatma.fr\\\/wp-content\\\/uploads\\\/2026\\\/05\\\/cropped-Logo-Site-internet.png\",\"contentUrl\":\"https:\\\/\\\/interprete-fatma.fr\\\/wp-content\\\/uploads\\\/2026\\\/05\\\/cropped-Logo-Site-internet.png\",\"width\":400,\"height\":200,\"caption\":\"WordPress\"},\"image\":{\"@id\":\"https:\\\/\\\/interprete-fatma.fr\\\/#\\\/schema\\\/logo\\\/image\\\/\"}}]}<\/script>\n<!-- \/ Yoast SEO plugin. -->","yoast_head_json":{"title":"Interpr\u00e9tation asserment\u00e9e turc\u2013fran\u00e7ais en ligne et en r\u00e9gion Grand Est - Interpr\u00e8te asserment\u00e9 turc\u2013fran\u00e7ais","robots":{"index":"index","follow":"follow","max-snippet":"max-snippet:-1","max-image-preview":"max-image-preview:large","max-video-preview":"max-video-preview:-1"},"canonical":"https:\/\/interprete-fatma.fr\/","og_locale":"fr_FR","og_type":"article","og_title":"Interpr\u00e9tation asserment\u00e9e turc\u2013fran\u00e7ais en ligne et en r\u00e9gion Grand Est - Interpr\u00e8te asserment\u00e9 turc\u2013fran\u00e7ais","og_description":"Une expertise linguistique et interculturelle au service de vos besoins Je suis Fatma SEL, interpr\u00e8te fran\u00e7ais\u2013turc. En activit\u00e9 depuis 2025, [&hellip;]","og_url":"https:\/\/interprete-fatma.fr\/","og_site_name":"Interpr\u00e8te asserment\u00e9 turc\u2013fran\u00e7ais","article_modified_time":"2026-05-05T18:11:27+00:00","og_image":[{"url":"http:\/\/interprete-fatma.tech\/wp-content\/uploads\/2026\/05\/ChatGPT-Image-5-mai-2026-17_48_12-768x512.png","type":"","width":"","height":""}],"twitter_card":"summary_large_image","twitter_misc":{"Dur\u00e9e de lecture estim\u00e9e":"1 minute"},"schema":{"@context":"https:\/\/schema.org","@graph":[{"@type":"WebPage","@id":"https:\/\/interprete-fatma.fr\/","url":"https:\/\/interprete-fatma.fr\/","name":"Interpr\u00e9tation asserment\u00e9e turc\u2013fran\u00e7ais en ligne et en r\u00e9gion Grand Est - Interpr\u00e8te asserment\u00e9 turc\u2013fran\u00e7ais","isPartOf":{"@id":"https:\/\/interprete-fatma.fr\/#website"},"primaryImageOfPage":{"@id":"https:\/\/interprete-fatma.fr\/#primaryimage"},"image":{"@id":"https:\/\/interprete-fatma.fr\/#primaryimage"},"thumbnailUrl":"http:\/\/interprete-fatma.tech\/wp-content\/uploads\/2026\/05\/ChatGPT-Image-5-mai-2026-17_48_12-768x512.png","datePublished":"2026-05-05T15:38:48+00:00","dateModified":"2026-05-05T18:11:27+00:00","breadcrumb":{"@id":"https:\/\/interprete-fatma.fr\/#breadcrumb"},"inLanguage":"fr-FR","potentialAction":[{"@type":"ReadAction","target":["https:\/\/interprete-fatma.fr\/"]}]},{"@type":"ImageObject","inLanguage":"fr-FR","@id":"https:\/\/interprete-fatma.fr\/#primaryimage","url":"http:\/\/interprete-fatma.tech\/wp-content\/uploads\/2026\/05\/ChatGPT-Image-5-mai-2026-17_48_12-768x512.png","contentUrl":"http:\/\/interprete-fatma.tech\/wp-content\/uploads\/2026\/05\/ChatGPT-Image-5-mai-2026-17_48_12-768x512.png"},{"@type":"BreadcrumbList","@id":"https:\/\/interprete-fatma.fr\/#breadcrumb","itemListElement":[{"@type":"ListItem","position":1,"name":"Home","item":"https:\/\/interprete-fatma.fr\/"},{"@type":"ListItem","position":2,"name":"Interpr\u00e9tation asserment\u00e9e turc\u2013fran\u00e7ais en ligne et en r\u00e9gion Grand Est"}]},{"@type":"WebSite","@id":"https:\/\/interprete-fatma.fr\/#website","url":"https:\/\/interprete-fatma.fr\/","name":"WordPress","description":"Interpr\u00e8te fran\u00e7ais\u2013turc, \u00e0 distance et en Grand Est","publisher":{"@id":"https:\/\/interprete-fatma.fr\/#organization"},"potentialAction":[{"@type":"SearchAction","target":{"@type":"EntryPoint","urlTemplate":"https:\/\/interprete-fatma.fr\/?s={search_term_string}"},"query-input":{"@type":"PropertyValueSpecification","valueRequired":true,"valueName":"search_term_string"}}],"inLanguage":"fr-FR"},{"@type":"Organization","@id":"https:\/\/interprete-fatma.fr\/#organization","name":"WordPress","url":"https:\/\/interprete-fatma.fr\/","logo":{"@type":"ImageObject","inLanguage":"fr-FR","@id":"https:\/\/interprete-fatma.fr\/#\/schema\/logo\/image\/","url":"https:\/\/interprete-fatma.fr\/wp-content\/uploads\/2026\/05\/cropped-Logo-Site-internet.png","contentUrl":"https:\/\/interprete-fatma.fr\/wp-content\/uploads\/2026\/05\/cropped-Logo-Site-internet.png","width":400,"height":200,"caption":"WordPress"},"image":{"@id":"https:\/\/interprete-fatma.fr\/#\/schema\/logo\/image\/"}}]}},"_links":{"self":[{"href":"https:\/\/interprete-fatma.fr\/index.php\/wp-json\/wp\/v2\/pages\/8","targetHints":{"allow":["GET"]}}],"collection":[{"href":"https:\/\/interprete-fatma.fr\/index.php\/wp-json\/wp\/v2\/pages"}],"about":[{"href":"https:\/\/interprete-fatma.fr\/index.php\/wp-json\/wp\/v2\/types\/page"}],"author":[{"embeddable":true,"href":"https:\/\/interprete-fatma.fr\/index.php\/wp-json\/wp\/v2\/users\/1"}],"replies":[{"embeddable":true,"href":"https:\/\/interprete-fatma.fr\/index.php\/wp-json\/wp\/v2\/comments?post=8"}],"version-history":[{"count":20,"href":"https:\/\/interprete-fatma.fr\/index.php\/wp-json\/wp\/v2\/pages\/8\/revisions"}],"predecessor-version":[{"id":65,"href":"https:\/\/interprete-fatma.fr\/index.php\/wp-json\/wp\/v2\/pages\/8\/revisions\/65"}],"wp:attachment":[{"href":"https:\/\/interprete-fatma.fr\/index.php\/wp-json\/wp\/v2\/media?parent=8"}],"curies":[{"name":"wp","href":"https:\/\/api.w.org\/{rel}","templated":true}]}}